{"id":893,"date":"2019-08-06T10:42:44","date_gmt":"2019-08-06T08:42:44","guid":{"rendered":"https:\/\/bekalepentsioa.com\/politica-de-cookies\/"},"modified":"2019-08-09T15:06:23","modified_gmt":"2019-08-09T13:06:23","slug":"politica-de-cookies","status":"publish","type":"page","link":"https:\/\/bekalepentsioa.com\/fr\/politica-de-cookies\/","title":{"rendered":"Politique sur les cookies"},"content":{"rendered":"\t\t<div data-elementor-type=\"wp-post\" data-elementor-id=\"893\" class=\"elementor elementor-893\" data-elementor-post-type=\"page\">\n\t\t\t\t\t\t<section class=\"elementor-section elementor-top-section elementor-element elementor-element-ec3c1a8 elementor-section-boxed elementor-section-height-default elementor-section-height-default\" data-id=\"ec3c1a8\" data-element_type=\"section\" data-e-type=\"section\">\n\t\t\t\t\t\t<div class=\"elementor-container elementor-column-gap-default\">\n\t\t\t\t\t<div class=\"elementor-column elementor-col-100 elementor-top-column elementor-element elementor-element-48ace1a\" data-id=\"48ace1a\" data-element_type=\"column\" data-e-type=\"column\">\n\t\t\t<div class=\"elementor-widget-wrap elementor-element-populated\">\n\t\t\t\t\t\t<div class=\"elementor-element elementor-element-c9733ed elementor-widget elementor-widget-text-editor\" data-id=\"c9733ed\" data-element_type=\"widget\" data-e-type=\"widget\" data-widget_type=\"text-editor.default\">\n\t\t\t\t<div class=\"elementor-widget-container\">\n\t\t\t\t\t\t\t\t\t<p><strong>Politique sur les t\u00e9moins<\/strong><\/p><p>Conform\u00e9ment aux dispositions de l&rsquo;article 22.2 de la loi 34\/2002 du 11 juillet 2002 relative aux services de la soci\u00e9t\u00e9 de l&rsquo;information et du commerce \u00e9lectronique, le titulaire vous informe que ce site Internet utilise des cookies, ainsi que sa politique de collecte et le traitement qu&rsquo;il en fait.<\/p><p><strong>Que sont les cookies ?<\/strong><\/p><p>Un cookie est un fichier qui est t\u00e9l\u00e9charg\u00e9 sur votre ordinateur lorsque vous acc\u00e9dez \u00e0 certaines pages Web. Les cookies permettent \u00e0 un site Web, entre autres, de stocker et de r\u00e9cup\u00e9rer des informations sur vos habitudes de navigation et &#8211; selon les informations qu&rsquo;ils contiennent et la mani\u00e8re dont vous utilisez votre ordinateur &#8211; peuvent \u00eatre utilis\u00e9s pour vous identifier.<\/p><p><strong>Types de cookies utilis\u00e9s<\/strong><\/p><p>Le site <a href=\"https:\/\/bekalepentsioa.com\/fr\">https:\/\/bekalepentsioa.com<\/a> utilise les types de cookies suivants :<\/p><ul><li><strong>T\u00e9moins techniques : Ce<\/strong> sont ceux qui sont trait\u00e9s par le site Web et qui permettent aux utilisateurs inscrits de naviguer dans la zone d&rsquo;acc\u00e8s restreint et d&rsquo;utiliser ses diverses fonctions, comme, par exemple, d&rsquo;effectuer le processus d&rsquo;achat d&rsquo;un produit ou service. <br \/>Certains cookies sont essentiels au fonctionnement du site Web, par exemple, le syst\u00e8me de commentaires ou le navigateur.<\/li><li><strong>Cookies de personnalisation : Ce<\/strong> sont ceux qui permettent aux utilisateurs d&rsquo;acc\u00e9der au Service avec certaines caract\u00e9ristiques g\u00e9n\u00e9rales pr\u00e9d\u00e9finies bas\u00e9es sur une s\u00e9rie de crit\u00e8res \u00e9tablis par l&rsquo;utilisateur, tels que, par exemple, la langue ou le type de navigateur par lequel l&rsquo;utilisateur se connecte \u00e0 ce site Web.<\/li><\/ul><p><strong>D\u00e9sactiver les cookies<\/strong><\/p><p>Vous pouvez accepter, bloquer ou supprimer les cookies install\u00e9s sur votre ordinateur en configurant les options de votre navigateur.<\/p><p>Dans les liens suivants, vous trouverez des instructions pour activer ou d\u00e9sactiver les cookies dans les navigateurs les plus courants.<\/p><ul><li><strong>Firefox<\/strong><a href=\"http:\/\/support.mozilla.org\/es\/kb\/habilitar-y-deshabilitar-cookies-que-los-sitios-we\"> http:\/\/support.mozilla.org\/es\/kb\/habilitar-y-deshabilitar-cookies-que-los-sitios-we<\/a><\/li><li><strong>Safari<\/strong><a href=\"http:\/\/support.apple.com\/kb\/HT1677?viewlocale=es_ES\"> http:\/\/support.apple.com\/kb\/HT1677?viewlocale=fr_FR<\/a><\/li><li><strong>Google Chrome<\/strong><a href=\"https:\/\/support.google.com\/chrome\/answer\/95647?hl=es\"> https:\/\/support.google.com\/chrome\/answer\/95647?hl=fr<\/a><\/li><\/ul><p><strong>Cookies de tiers<\/strong><\/p><p><strong>Avertissement concernant la suppression des cookies<\/strong><\/p><p>Vous pouvez supprimer et bloquer les cookies de ce site Web, mais une partie du site ne fonctionnera pas correctement ou sa qualit\u00e9 pourrait en \u00eatre affect\u00e9e.<\/p><p><strong>Kontakta oss<\/strong><\/p><p>Si vous avez des questions au sujet de cette politique sur les cookies ou si vous souhaitez faire des commentaires sur ce site Web, vous pouvez envoyer un courriel \u00e0 bekalie@gmail.com.<\/p>\t\t\t\t\t\t\t\t<\/div>\n\t\t\t\t<\/div>\n\t\t\t\t\t<\/div>\n\t\t<\/div>\n\t\t\t\t\t<\/div>\n\t\t<\/section>\n\t\t\t\t<\/div>\n\t\t","protected":false},"excerpt":{"rendered":"<p>Politique sur les t\u00e9moins Conform\u00e9ment aux dispositions de l&rsquo;article 22.2 de la loi 34\/2002 du 11 juillet 2002 relative aux services de la soci\u00e9t\u00e9 de l&rsquo;information et du commerce \u00e9lectronique, le titulaire vous informe que ce site Internet utilise des cookies, ainsi que sa politique de collecte et le traitement qu&rsquo;il en fait. Que sont [&hellip;]<\/p>\n","protected":false},"author":1,"featured_media":0,"parent":0,"menu_order":0,"comment_status":"closed","ping_status":"closed","template":"","meta":{"footnotes":""},"class_list":["post-893","page","type-page","status-publish","hentry"],"_links":{"self":[{"href":"https:\/\/bekalepentsioa.com\/fr\/wp-json\/wp\/v2\/pages\/893","targetHints":{"allow":["GET"]}}],"collection":[{"href":"https:\/\/bekalepentsioa.com\/fr\/wp-json\/wp\/v2\/pages"}],"about":[{"href":"https:\/\/bekalepentsioa.com\/fr\/wp-json\/wp\/v2\/types\/page"}],"author":[{"embeddable":true,"href":"https:\/\/bekalepentsioa.com\/fr\/wp-json\/wp\/v2\/users\/1"}],"replies":[{"embeddable":true,"href":"https:\/\/bekalepentsioa.com\/fr\/wp-json\/wp\/v2\/comments?post=893"}],"version-history":[{"count":5,"href":"https:\/\/bekalepentsioa.com\/fr\/wp-json\/wp\/v2\/pages\/893\/revisions"}],"predecessor-version":[{"id":1068,"href":"https:\/\/bekalepentsioa.com\/fr\/wp-json\/wp\/v2\/pages\/893\/revisions\/1068"}],"wp:attachment":[{"href":"https:\/\/bekalepentsioa.com\/fr\/wp-json\/wp\/v2\/media?parent=893"}],"curies":[{"name":"wp","href":"https:\/\/api.w.org\/{rel}","templated":true}]}}