{"id":881,"date":"2019-08-06T10:42:44","date_gmt":"2019-08-06T08:42:44","guid":{"rendered":"https:\/\/bekalepentsioa.com\/aviso-legal\/"},"modified":"2019-08-09T14:54:49","modified_gmt":"2019-08-09T12:54:49","slug":"aviso-legal","status":"publish","type":"page","link":"https:\/\/bekalepentsioa.com\/fr\/aviso-legal\/","title":{"rendered":"Aviso Legal"},"content":{"rendered":"\t\t<div data-elementor-type=\"wp-post\" data-elementor-id=\"881\" class=\"elementor elementor-881\" data-elementor-post-type=\"page\">\n\t\t\t\t\t\t<section class=\"elementor-section elementor-top-section elementor-element elementor-element-f89546f elementor-section-boxed elementor-section-height-default elementor-section-height-default\" data-id=\"f89546f\" data-element_type=\"section\" data-e-type=\"section\">\n\t\t\t\t\t\t<div class=\"elementor-container elementor-column-gap-default\">\n\t\t\t\t\t<div class=\"elementor-column elementor-col-100 elementor-top-column elementor-element elementor-element-a8de5a1\" data-id=\"a8de5a1\" data-element_type=\"column\" data-e-type=\"column\">\n\t\t\t<div class=\"elementor-widget-wrap elementor-element-populated\">\n\t\t\t\t\t\t<div class=\"elementor-element elementor-element-1ca8f29 elementor-widget elementor-widget-text-editor\" data-id=\"1ca8f29\" data-element_type=\"widget\" data-e-type=\"widget\" data-widget_type=\"text-editor.default\">\n\t\t\t\t<div class=\"elementor-widget-container\">\n\t\t\t\t\t\t\t\t\t<p><strong>Mentions l\u00e9gales<\/strong><\/p><p><strong>Identification et propri\u00e9t\u00e9<\/strong><\/p><p>Conform\u00e9ment \u00e0 l&rsquo;article 10 de la loi 34\/2002, du 11 juillet, sur les services de la soci\u00e9t\u00e9 de l&rsquo;information et du commerce \u00e9lectronique, le titulaire expose ses donn\u00e9es d&rsquo;identification.<\/p><ul><li>Ibon Korta Arrasate.<\/li><li><strong>NUM\u00c9RO D&rsquo;IDENTIFICATION FISCALE :<\/strong> F9564363631<\/li><li><strong>Adresse :<\/strong> Barria 2, Vizcaya &#8211; Espagne.<\/li><li><strong>Courriel :<\/strong> bekalie@gmail.com<\/li><li><strong>T\u00e9l\u00e9phone de contact :<\/strong> 650787033<\/li><li><strong>Site Web<\/strong><a href=\"https:\/\/bekalepentsioa.com\"> : https:\/\/bekalepentsioa.com\/fr<\/a><\/li><\/ul><p><strong>Objet<\/strong><\/p><p>Le but du site web <a href=\"https:\/\/bekalepentsioa.com\/fr\">https:\/\/bekalepentsioa.com\/fr<\/a> est l&rsquo;\u00e9tablissement h\u00f4telier.<\/p><p><strong>Conditions d&rsquo;utilisation<\/strong><\/p><p>L&rsquo;utilisation du site Web vous accorde la condition d&rsquo;Utilisateur, et implique l&rsquo;acceptation compl\u00e8te de toutes les clauses et conditions d&rsquo;utilisation incluses dans les pages :<\/p><ul><li><a href=\"https:\/\/bekalepentsioa.com\/aviso-legal\/\">Mentions l\u00e9gales<\/a><\/li><li><a href=\"https:\/\/bekalepentsioa.com\/politica-de-privacidad\/\">Politique de confidentialit\u00e9<\/a><\/li><li><a href=\"https:\/\/bekalepentsioa.com\/politica-de-cookies\/\">Politique sur les t\u00e9moins<\/a><\/li><\/ul><p>Si vous n&rsquo;\u00eates pas d&rsquo;accord avec chacun de ces termes et conditions, vous vous abstiendrez d&rsquo;utiliser ce site Web.<\/p><p>L&rsquo;acc\u00e8s \u00e0 ce site Web ne constitue en aucun cas le d\u00e9but d&rsquo;une relation commerciale avec Ibon Korta Arrasate.<\/p><p>Par le biais de ce site Web, le propri\u00e9taire vous donne acc\u00e8s \u00e0 divers contenus que le propri\u00e9taire ou ses collaborateurs ont publi\u00e9s sur Internet et vous permet de les utiliser.<\/p><p>A cet effet, vous vous engagez \u00e0 NE PAS utiliser le contenu du site Web \u00e0 des fins ou effets illicites, interdits par la pr\u00e9sente notice l\u00e9gale ou par la l\u00e9gislation en vigueur, portant atteinte aux droits et int\u00e9r\u00eats de tiers, ou susceptibles d&rsquo;endommager, de rendre inutilisable, de surcharger, de d\u00e9t\u00e9riorer ou d&#8217;emp\u00eacher l&rsquo;utilisation normale des contenus, \u00e9quipements ou documents informatiques, fichiers et tout type de contenu stock\u00e9s sur tout \u00e9quipement informatique appartenant ou contract\u00e9 par Ibon Korta Arrasate, par tout autre utilisateur ou tout utilisateur Internet.<\/p><p><strong>Mesures de s\u00e9curit\u00e9<\/strong><\/p><p>Les donn\u00e9es personnelles que vous fournissez au Titulaire peuvent \u00eatre stock\u00e9es dans des bases de donn\u00e9es automatis\u00e9es ou non, dont la propri\u00e9t\u00e9 appartient exclusivement \u00e0 Ibon Korta Arrasate, qui assume toutes les mesures techniques, organisationnelles et de s\u00e9curit\u00e9 qui assurent la confidentialit\u00e9, l&rsquo;int\u00e9grit\u00e9 et la qualit\u00e9 des informations qu&rsquo;elles contiennent conform\u00e9ment aux dispositions des r\u00e9glementations en vigueur sur la protection des donn\u00e9es.<\/p><p>Toutefois, vous devez savoir que les mesures de s\u00e9curit\u00e9 des syst\u00e8mes informatiques sur Internet ne sont pas enti\u00e8rement fiables et que, par cons\u00e9quent, le Propri\u00e9taire ne peut garantir l&rsquo;absence de virus ou d&rsquo;autres \u00e9l\u00e9ments pouvant causer des alt\u00e9rations dans les syst\u00e8mes informatiques (logiciels et mat\u00e9riels) de l&rsquo;Utilisateur ou dans les documents et fichiers \u00e9lectroniques qu&rsquo;ils contiennent, m\u00eame si le Propri\u00e9taire met tous les moyens n\u00e9cessaires et prend les mesures de s\u00e9curit\u00e9 appropri\u00e9es pour \u00e9viter la pr\u00e9sence de ces \u00e9l\u00e9ments nuisibles.<\/p><p><strong>Donn\u00e9es personnelles<\/strong><\/p><p>Vous pouvez consulter toutes les informations relatives au traitement des donn\u00e9es personnelles collect\u00e9es par le Titulaire sur la page <a href=\"https:\/\/bekalepentsioa.com\/politica-de-privacidad\/\">Politique de confidentialit\u00e9<\/a>.<\/p><p><strong>Contenu<\/strong><\/p><p>Le propri\u00e9taire a obtenu les informations, le contenu multim\u00e9dia et le mat\u00e9riel inclus sur le site Web de sources qu&rsquo;il juge fiables, mais bien qu&rsquo;il ait pris toutes les mesures raisonnables pour s&rsquo;assurer que les informations contenues sont exactes, le propri\u00e9taire ne garantit pas qu&rsquo;elles sont exactes, compl\u00e8tes ou actuelles. Ibon Korta Arrasate d\u00e9cline express\u00e9ment toute responsabilit\u00e9 en cas d&rsquo;erreur ou d&rsquo;omission dans les informations contenues dans les pages de ce site.<\/p><p>Il est interdit de transmettre ou d&rsquo;envoyer par l&rsquo;interm\u00e9diaire du site Web tout contenu ill\u00e9gal ou illicite, virus informatiques ou messages qui, en g\u00e9n\u00e9ral, affectent ou violent les droits du propri\u00e9taire ou de tiers.<\/p><p>Le contenu du <a href=\"https:\/\/bekalepentsioa.com\">site https:\/\/bekalepentsioa.com\/fr<\/a> n&rsquo;a qu&rsquo;une valeur informative et ne doit en aucun cas \u00eatre utilis\u00e9 ou consid\u00e9r\u00e9 comme une offre de vente, une demande d&rsquo;offre d&rsquo;achat ou une recommandation de r\u00e9alisation de toute autre op\u00e9ration, sauf indication expresse.<\/p><p>Ibon Korta Arrasate se r\u00e9serve le droit de modifier, suspendre, annuler ou restreindre le contenu de <a href=\"https:\/\/bekalepentsioa.com\">https:\/\/bekalepentsioa.com\/fr,<\/a> les liens ou les informations obtenues \u00e0 travers le site, sans pr\u00e9avis.<\/p><p>Ibon Korta Arrasate n&rsquo;est pas responsable des dommages qui pourraient r\u00e9sulter de l&rsquo;utilisation de l&rsquo;information sur le site.<\/p><p><strong>Politique sur les t\u00e9moins<\/strong><\/p><p>Sur la page <a href=\"https:\/\/bekalepentsioa.com\/politica-de-cookies\/\">Politique relative aux cookies,<\/a> vous trouverez toutes les informations concernant la politique de collecte et de traitement des cookies.<\/p><p><strong>Liens vers d&rsquo;autres sites Web<\/strong><\/p><p>Le titulaire peut donner acc\u00e8s \u00e0 des sites Web de tiers par le biais de liens dans le seul but de vous informer de l&rsquo;existence d&rsquo;autres sources d&rsquo;information sur Internet dans lesquelles vous pouvez d\u00e9velopper les donn\u00e9es propos\u00e9es sur le site.<\/p><p>Ces liens vers d&rsquo;autres sites Web ne sont en aucun cas une suggestion ou une recommandation pour vous de visiter les sites Web de destination, qui sont hors du contr\u00f4le du Propri\u00e9taire, donc Ibon Korta Arrasate n&rsquo;est pas responsable du contenu des sites Web li\u00e9s ou du r\u00e9sultat que vous obtenez en suivant ces liens.<\/p><p>De m\u00eame, Ibon Korta Arrasate n&rsquo;est pas responsable des liens se trouvant sur les sites Web auxquels il vous donne acc\u00e8s.<\/p><p>L&rsquo;\u00e9tablissement du lien n&rsquo;implique en aucun cas l&rsquo;existence de relations entre Ibon Korta Arrasate et le propri\u00e9taire du site sur lequel le lien est \u00e9tabli, ni l&rsquo;acceptation ou l&rsquo;approbation par le propri\u00e9taire de ses contenus ou services.<\/p><p>Si vous acc\u00e9dez \u00e0 un site Web externe \u00e0 partir d&rsquo;un lien se trouvant \u00e0 l&rsquo;adresse <a href=\"https:\/\/bekalepentsioa.com\">https:\/\/bekalepentsioa.com\/fr,<\/a> vous devriez lire la politique de confidentialit\u00e9 de l&rsquo;autre site Web qui peut \u00eatre diff\u00e9rente de ce site Web.<\/p><p><strong>Propri\u00e9t\u00e9 intellectuelle et industrielle<\/strong><\/p><p>Tous droits r\u00e9serv\u00e9s.<\/p><p>Tout acc\u00e8s \u00e0 ce site web est soumis aux conditions suivantes : la reproduction, le stockage permanent et la diffusion des contenus ou toute autre utilisation \u00e0 des fins publiques ou commerciales est express\u00e9ment interdite sans l&rsquo;autorisation \u00e9crite pr\u00e9alable expresse d&rsquo;Ibon Korta Arrasate.<\/p><p><strong>Limitation de responsabilit\u00e9<\/strong><\/p><p>Ibon Korta Arrasate d\u00e9cline toute responsabilit\u00e9 en cas d&rsquo;interruption ou de dysfonctionnement des Services ou contenus propos\u00e9s sur Internet, quelle qu&rsquo;en soit la cause. De m\u00eame, le logeur n&rsquo;est pas responsable des pannes de r\u00e9seau, des pertes d&rsquo;exploitation r\u00e9sultant de ces pannes, des suspensions temporaires d&rsquo;\u00e9lectricit\u00e9 ou de tout autre type de dommage indirect pouvant r\u00e9sulter de causes ind\u00e9pendantes de sa volont\u00e9.<\/p><p>Avant de prendre des d\u00e9cisions et\/ou des mesures bas\u00e9es sur les informations contenues dans le site Web, le Propri\u00e9taire vous recommande de v\u00e9rifier et de comparer les informations re\u00e7ues avec d&rsquo;autres sources.<\/p><p><strong>Droit d&rsquo;exclusion<\/strong><\/p><p>Ibon Korta Arrasate se r\u00e9serve le droit de refuser ou de retirer l&rsquo;acc\u00e8s au site Web et aux services offerts sans pr\u00e9avis, \u00e0 sa propre demande ou \u00e0 la demande d&rsquo;un tiers, aux utilisateurs qui ne respectent pas l&rsquo;une des conditions du pr\u00e9sent avis l\u00e9gal.<\/p><p><strong>Juridiction comp\u00e9tente<\/strong><\/p><p>Les pr\u00e9sentes mentions l\u00e9gales sont enti\u00e8rement r\u00e9gies par le droit espagnol.<\/p><p><strong>Kontakta oss<\/strong><\/p><p>Si vous avez des questions au sujet de ces conditions g\u00e9n\u00e9rales ou si vous voulez faire des commentaires au sujet de ce site Web, vous pouvez envoyer un courriel \u00e0 bekalie@gmail.com.<\/p><p>\u00a0<\/p>\t\t\t\t\t\t\t\t<\/div>\n\t\t\t\t<\/div>\n\t\t\t\t\t<\/div>\n\t\t<\/div>\n\t\t\t\t\t<\/div>\n\t\t<\/section>\n\t\t\t\t<\/div>\n\t\t","protected":false},"excerpt":{"rendered":"<p>Mentions l\u00e9gales Identification et propri\u00e9t\u00e9 Conform\u00e9ment \u00e0 l&rsquo;article 10 de la loi 34\/2002, du 11 juillet, sur les services de la soci\u00e9t\u00e9 de l&rsquo;information et du commerce \u00e9lectronique, le titulaire expose ses donn\u00e9es d&rsquo;identification. Ibon Korta Arrasate. NUM\u00c9RO D&rsquo;IDENTIFICATION FISCALE : F9564363631 Adresse : Barria 2, Vizcaya &#8211; Espagne. Courriel : bekalie@gmail.com T\u00e9l\u00e9phone de contact [&hellip;]<\/p>\n","protected":false},"author":1,"featured_media":0,"parent":0,"menu_order":0,"comment_status":"closed","ping_status":"closed","template":"","meta":{"footnotes":""},"class_list":["post-881","page","type-page","status-publish","hentry"],"_links":{"self":[{"href":"https:\/\/bekalepentsioa.com\/fr\/wp-json\/wp\/v2\/pages\/881","targetHints":{"allow":["GET"]}}],"collection":[{"href":"https:\/\/bekalepentsioa.com\/fr\/wp-json\/wp\/v2\/pages"}],"about":[{"href":"https:\/\/bekalepentsioa.com\/fr\/wp-json\/wp\/v2\/types\/page"}],"author":[{"embeddable":true,"href":"https:\/\/bekalepentsioa.com\/fr\/wp-json\/wp\/v2\/users\/1"}],"replies":[{"embeddable":true,"href":"https:\/\/bekalepentsioa.com\/fr\/wp-json\/wp\/v2\/comments?post=881"}],"version-history":[{"count":2,"href":"https:\/\/bekalepentsioa.com\/fr\/wp-json\/wp\/v2\/pages\/881\/revisions"}],"predecessor-version":[{"id":1054,"href":"https:\/\/bekalepentsioa.com\/fr\/wp-json\/wp\/v2\/pages\/881\/revisions\/1054"}],"wp:attachment":[{"href":"https:\/\/bekalepentsioa.com\/fr\/wp-json\/wp\/v2\/media?parent=881"}],"curies":[{"name":"wp","href":"https:\/\/api.w.org\/{rel}","templated":true}]}}